{"id":18,"date":"2016-07-29T16:50:46","date_gmt":"2016-07-29T15:50:46","guid":{"rendered":"http:\/\/blogs.sps.ed.ac.uk\/seeing-illegal-immigrants\/?page_id=18"},"modified":"2018-10-30T09:09:55","modified_gmt":"2018-10-30T09:09:55","slug":"engagement","status":"publish","type":"page","link":"https:\/\/blogs.sps.ed.ac.uk\/seeing-illegal-immigrants\/engagement\/","title":{"rendered":"Engagement"},"content":{"rendered":"<p>We organised our first two public engagement events in 2018.<\/p>\n<p><strong>The\u00a0Institute for Public Policy Research, London, UK (11 July 2018)<\/strong><\/p>\n<p style=\"padding-left: 30px\"><em>At the\u00a0event in London hosted with IPPR, Christina and Mike had an opportunity to present some of the project findings, and discuss them with a group of MPs, as well as experts from business and law firms, NGOs, local government, think tanks and academia. Much of the discussion explored trends in UK migration control. Read more about this in Christina&#8217;s <a href=\"https:\/\/blogs.sps.ed.ac.uk\/seeing-illegal-immigrants\/2018\/07\/11\/project-team-present-findings-at-the-ippr-in-london\/\">blog post<\/a>.<\/em><\/p>\n<p><strong>International Centre for Migration Policy Development, Brussels, Belgium (19 October 2018)<\/strong><\/p>\n<div class=\"blue_box\">\n<div class=\"textblock\" style=\"padding-left: 30px\"><em>Christina and Elisabeth discussed irregular migrants and state &#8216;nodes of interaction&#8217; in the EU at this round-table. The slides from this event are available (&#8216;<a href=\"https:\/\/blogs.sps.ed.ac.uk\/seeing-illegal-immigrants\/files\/2018\/10\/Brussels-19-Oct-presentation.pdf\">Brussels 19 Oct presentation<\/a>&#8216;) or you can read the\u00a0<a href=\"https:\/\/blogs.sps.ed.ac.uk\/seeing-illegal-immigrants\/2018\/10\/30\/insights-from-our-brussels-event\/\">blog post<\/a>,<\/em>\u00a0<em>which\u00a0<\/em>summarises<em> some of the key elements of the discussion.\u00a0\u00a0<\/em><\/div>\n<\/div>\n<div class=\"rendering rendering_activity rendering_activity_activityallrelationsportal rendering_attendance rendering_activityallrelationsportal rendering_attendance_activityallrelationsportal\">\n<div class=\"related-research-projects\"><\/div>\n<\/div>\n<p>As part of our public engagement strategy, our project included an advisory board made up of academics, practitioners and specialists from a number of different countries:<\/p>\n<ul>\n<li>Jonathan Chaloff, Policy Analyst, International Migration Division, OECD<\/li>\n<li>Jennifer Elrick, Sociology, McGill University, Canada<\/li>\n<li>Ang\u00e9line Escafr\u00e9-Dublet,\u00a0Maitre de conf\u00e9rences en science politique, Laboratoire Triangle (UMR5206), Universit\u00e9 Lumi\u00e8re Lyon-2<\/li>\n<li>Don Flyn, Director, Migrants\u2019 Rights Network, and Chair of the Platform for International Cooperation on Undocumented Migrants (PICUM)<\/li>\n<li>Phoebe Griffith, Associate Director of the Institute for Public Policy Research (IPPR) and head of IPPR\u2019s programme on Migration, Integration and Communities<\/li>\n<li>James Hampshire, Reader in Politics, School of Law, Politics and Sociology, University of Sussex<\/li>\n<li>Axel Kreienbrink, Leader of Research Group on Immigration and Integration, German Federal Office for Migration and Refugees<\/li>\n<li>Andrew Morrison, Head of Policy, Convention of Scottish Local Authorities<\/li>\n<li>Jan Schneider, Director of Research, The Expert Council of German Foundations on Integration and Migration (SVR), Berlin<\/li>\n<li>Patrick Simon, Head of Research Unit on International Migration and Minorities, Institut National d\u2019\u00c9tudes D\u00e9mographiques (INED), Paris<\/li>\n<li>Owen Tudor, Head of EU and International Relations, Trades Union Congress<\/li>\n<li>Dita Vogel, Unit for Intercultural Education, University of Bremen<\/li>\n<\/ul>\n","protected":false},"excerpt":{"rendered":"<p>We organised our first two public engagement events in 2018. The\u00a0Institute for Public Policy Research, London, UK (11 July 2018) At the\u00a0event in London hosted with IPPR, Christina and Mike had an opportunity to present some of the project findings, and discuss them with a group of MPs, as well as experts from business and law firms, NGOs, local government,<\/p>\n","protected":false},"author":227,"featured_media":64,"parent":0,"menu_order":0,"comment_status":"closed","ping_status":"closed","template":"","meta":{"_acf_changed":false,"footnotes":""},"acf":[],"_links":{"self":[{"href":"https:\/\/blogs.sps.ed.ac.uk\/seeing-illegal-immigrants\/wp-json\/wp\/v2\/pages\/18"}],"collection":[{"href":"https:\/\/blogs.sps.ed.ac.uk\/seeing-illegal-immigrants\/wp-json\/wp\/v2\/pages"}],"about":[{"href":"https:\/\/blogs.sps.ed.ac.uk\/seeing-illegal-immigrants\/wp-json\/wp\/v2\/types\/page"}],"author":[{"embeddable":true,"href":"https:\/\/blogs.sps.ed.ac.uk\/seeing-illegal-immigrants\/wp-json\/wp\/v2\/users\/227"}],"replies":[{"embeddable":true,"href":"https:\/\/blogs.sps.ed.ac.uk\/seeing-illegal-immigrants\/wp-json\/wp\/v2\/comments?post=18"}],"version-history":[{"count":15,"href":"https:\/\/blogs.sps.ed.ac.uk\/seeing-illegal-immigrants\/wp-json\/wp\/v2\/pages\/18\/revisions"}],"predecessor-version":[{"id":314,"href":"https:\/\/blogs.sps.ed.ac.uk\/seeing-illegal-immigrants\/wp-json\/wp\/v2\/pages\/18\/revisions\/314"}],"wp:featuredmedia":[{"embeddable":true,"href":"https:\/\/blogs.sps.ed.ac.uk\/seeing-illegal-immigrants\/wp-json\/wp\/v2\/media\/64"}],"wp:attachment":[{"href":"https:\/\/blogs.sps.ed.ac.uk\/seeing-illegal-immigrants\/wp-json\/wp\/v2\/media?parent=18"}],"curies":[{"name":"wp","href":"https:\/\/api.w.org\/{rel}","templated":true}]}}