{"id":9,"date":"2016-07-29T16:50:46","date_gmt":"2016-07-29T15:50:46","guid":{"rendered":"http:\/\/blogs.sps.ed.ac.uk\/seeing-illegal-immigrants\/?page_id=9"},"modified":"2020-09-18T14:22:38","modified_gmt":"2020-09-18T13:22:38","slug":"people","status":"publish","type":"page","link":"https:\/\/blogs.sps.ed.ac.uk\/seeing-illegal-immigrants\/people\/","title":{"rendered":"People"},"content":{"rendered":"<p>The team was made up of five researchers, all of whom were based at the University of Edinburgh for the duration for the project.<\/p>\n<p><strong>Principal Investigator: Christina Boswell<\/strong><\/p>\n<p><img loading=\"lazy\" decoding=\"async\" class=\"wp-image-30 alignright\" src=\"https:\/\/blogs.sps.ed.ac.uk\/seeing-illegal-immigrants\/files\/2016\/07\/5f019c0a140df0a0b9322cf1f42d81d2_400x400-300x300.jpeg\" alt=\"5f019c0a140df0a0b9322cf1f42d81d2_400x400\" width=\"241\" height=\"241\" srcset=\"https:\/\/blogs.sps.ed.ac.uk\/seeing-illegal-immigrants\/files\/2016\/07\/5f019c0a140df0a0b9322cf1f42d81d2_400x400-300x300.jpeg 300w, https:\/\/blogs.sps.ed.ac.uk\/seeing-illegal-immigrants\/files\/2016\/07\/5f019c0a140df0a0b9322cf1f42d81d2_400x400-150x150.jpeg 150w, https:\/\/blogs.sps.ed.ac.uk\/seeing-illegal-immigrants\/files\/2016\/07\/5f019c0a140df0a0b9322cf1f42d81d2_400x400-90x90.jpeg 90w, https:\/\/blogs.sps.ed.ac.uk\/seeing-illegal-immigrants\/files\/2016\/07\/5f019c0a140df0a0b9322cf1f42d81d2_400x400-75x75.jpeg 75w, https:\/\/blogs.sps.ed.ac.uk\/seeing-illegal-immigrants\/files\/2016\/07\/5f019c0a140df0a0b9322cf1f42d81d2_400x400.jpeg 400w\" sizes=\"(max-width: 241px) 100vw, 241px\" \/><\/p>\n<p>Christina is Professor of Politics at the University of Edinburgh. She was educated at the University of Oxford (BA Hons in Politics, Philosophy and Economics) and the London School of Economics (PhD in International Relations). Her research examines the relationship between knowledge and public policy, especially in relation to European and EU immigration and asylum policy. Her most recent books are The Political Uses of Expert Knowledge: Immigration Policy and Social Research (Cambridge University Press, 2009\/2012), and Migration and Mobility in the European Union (with Andrew Geddes; Palgrave, 2012).<\/p>\n<p>Before joining Edinburgh in 2006, Christina worked in Hamburg between 2001-2006, first as a Marie Curie post-doctoral fellow, and then as recipient of a Marie Curie Excellence Grant (predecessor of the ERC Starting Grant). In Edinburgh, she founded the Centre for Science, Knowledge and Policy (SKAPE) in 2014, which hosts this project. Since 2015, she has served as Director of Research for the School of Social and Political Science at the University of Edinburgh.<\/p>\n<p>More details can be found on her <a href=\"http:\/\/www.pol.ed.ac.uk\/people\/academic_staff\/boswell_christina\" target=\"_blank\" rel=\"noopener noreferrer\">institutional homepage<\/a> or <a href=\"https:\/\/twitter.com\/boswellpol\" target=\"_blank\" rel=\"noopener noreferrer\">follow her on Twitter<\/a>. She also <a href=\"https:\/\/christinaboswell.wordpress.com\/\" target=\"_blank\" rel=\"noopener noreferrer\">maintains her own blog<\/a>.<\/p>\n<p><strong>Co-investigator: Emile Chabal<img loading=\"lazy\" decoding=\"async\" class=\"size-medium wp-image-31 alignright\" src=\"https:\/\/blogs.sps.ed.ac.uk\/seeing-illegal-immigrants\/files\/2016\/07\/img6-233x300.jpg\" alt=\"img6\" width=\"233\" height=\"300\" srcset=\"https:\/\/blogs.sps.ed.ac.uk\/seeing-illegal-immigrants\/files\/2016\/07\/img6-233x300.jpg 233w, https:\/\/blogs.sps.ed.ac.uk\/seeing-illegal-immigrants\/files\/2016\/07\/img6.jpg 709w\" sizes=\"(max-width: 233px) 100vw, 233px\" \/><\/strong><\/p>\n<p>Emile was educated at Cambridge, Rice University, Harvard University and the \u00c9cole Normale Sup\u00e9rieure, Paris. He completed his\u00a0PhD at Cambridge and his\u00a0thesis was subsequently awarded the History Faculty&#8217;s Prince Consort and Thirlwall Prize, and Seeley Medal for the best dissertation across all periods. He subsequently held positions at Oxford and Cambridge, before arriving at the University of Edinburgh in 2013.<\/p>\n<p>Much of his\u00a0research has focused on France, in particular the transformation of French politics since the 1970s, Franco-British relations in the 20th century and the legacy of postcolonialism in France. This has led to a wide range of publications on subjects\u00a0as varied as the idea of the &#8216;Anglo-Saxon&#8217; in modern French thought to the history of inter-community relations in Montpellier since the end of the Algerian War. In addition to this work on migration and state rationality, his\u00a0next major project is an intellectual biography of the historian Eric Hobsbawm.<\/p>\n<p>More can be found on his <a href=\"http:\/\/www.homepages.ed.ac.uk\/echabal\/\" target=\"_blank\" rel=\"noopener noreferrer\">homepage<\/a> or <a href=\"https:\/\/twitter.com\/emile_chabal\" target=\"_blank\" rel=\"noopener noreferrer\">follow Emile on Twitter<\/a>.<\/p>\n<p><strong>Postdoctoral Research Fellow: Elisabeth Badenhoop (German case)<br \/>\n<\/strong><\/p>\n<p>Elisabeth studied sociology, politics and philosophy at the University of Leipzig, Sciences Po Paris and the University of Glasgow before joining the University of Edinburgh as a post-doctoral research fellow in the \u2018Seeing Illegal Immigrants\u2019 project.<\/p>\n<p><img loading=\"lazy\" decoding=\"async\" class=\" wp-image-122 alignright\" src=\"https:\/\/blogs.sps.ed.ac.uk\/seeing-illegal-immigrants\/files\/2016\/07\/Photo-Elisabeth-217x300.jpg\" alt=\"Photo Elisabeth\" width=\"186\" height=\"257\" srcset=\"https:\/\/blogs.sps.ed.ac.uk\/seeing-illegal-immigrants\/files\/2016\/07\/Photo-Elisabeth-217x300.jpg 217w, https:\/\/blogs.sps.ed.ac.uk\/seeing-illegal-immigrants\/files\/2016\/07\/Photo-Elisabeth-768x1064.jpg 768w, https:\/\/blogs.sps.ed.ac.uk\/seeing-illegal-immigrants\/files\/2016\/07\/Photo-Elisabeth-739x1024.jpg 739w, https:\/\/blogs.sps.ed.ac.uk\/seeing-illegal-immigrants\/files\/2016\/07\/Photo-Elisabeth.jpg 1535w\" sizes=\"(max-width: 186px) 100vw, 186px\" \/>Elisabeth\u2019s research interests focus on immigration and citizenship policies in Germany, Britain and France, national identity politics, equality and human rights, as well as on contemporary social theory. In particular, Elisabeth is interested in studying the actors, categorisations, techniques and rationalities involved in the regulation of migration through state structures. Her PhD research at the University of Glasgow compared contemporary naturalisation regimes in Britain and Germany from a sociological perspective and was funded by the Economic and Social Research Council as well as by the German Academic Scholarship Foundation (Studienstiftung des deutschen Volkes). Elisabeth is a member of the Glasgow Refugee, Asylum and Migration Network (GRAMNet, <a href=\"https:\/\/gramnet.wordpress.com\/\" target=\"_blank\" rel=\"noopener noreferrer\">https:\/\/gramnet.wordpress.com\/<\/a>) at the University of Glasgow and the Centre on Dynamics of Ethnicity (CoDE, <a href=\"http:\/\/www.ethnicity.ac.uk\/\" target=\"_blank\" rel=\"noopener noreferrer\">http:\/\/www.ethnicity.ac.uk\/<\/a>) at the University of Manchester and the University of Glasgow.<\/p>\n<p>Elisabeth is now a <a href=\"http:\/\/www.mmg.mpg.de\/departments\/ethics-law-and-politics\/scientific-staff\/dr-elisabeth-badenhoop\/\">postdoctoral fellow at the Max Planck Institute in Gottingen<\/a>, Germany.<\/p>\n<p><strong>Postdoctoral Research Fellow: Sara Casella-Colombeau (French case)<\/strong><\/p>\n<p>Sara completed her PhD in 2013 from Sciences Po, Paris on the history of the French<img loading=\"lazy\" decoding=\"async\" class=\" wp-image-32 alignright\" src=\"https:\/\/blogs.sps.ed.ac.uk\/seeing-illegal-immigrants\/files\/2016\/07\/Casella-Colombeau-250x300.png\" alt=\"Casella Colombeau\" width=\"176\" height=\"211\" \/> border police (&#8220;Surveiller les personnes, garder les fronti\u00e8res, d\u00e9finir le territoire: la Police Aux Fronti\u00e8res apr\u00e8s la cr\u00e9ation de l&#8217;espace Schengen (1953-2004)&#8221;). After completing her PhD, she held a postdoctoral position at the\u00a0Centre international de criminologie compar\u00e9e in Montr\u00e9al, Qu\u00e9bec, Canada.<\/p>\n<p>Before arriving at Edinburgh, Sara was a postdoctoral researcher at the Laboratoire M\u00e9diterran\u00e9en de Sociologie\u00a0research centre at the Maison M\u00e9diterran\u00e9enne des Sciences de l&#8217;Homme, Laboratoire Europ\u00e9en de Sociologie (UMR 7305). For this project, she was in charge of the French case study.<\/p>\n<p>Sara is now a lecturer (ma\u00eetresse de conf\u00e9rences) in politics, Universit\u00e9 Grenoble Alpes, Grenoble, France.<\/p>\n<p><strong>Postdoctoral Research Fellow: Mike Slaven\u00a0(British case)<\/strong><\/p>\n<p><img loading=\"lazy\" decoding=\"async\" class=\" wp-image-131 alignright\" src=\"https:\/\/blogs.sps.ed.ac.uk\/seeing-illegal-immigrants\/files\/2016\/07\/Mike-headshot-300x287.png\" alt=\"mike-headshot\" width=\"251\" height=\"240\" srcset=\"https:\/\/blogs.sps.ed.ac.uk\/seeing-illegal-immigrants\/files\/2016\/07\/Mike-headshot-300x287.png 300w, https:\/\/blogs.sps.ed.ac.uk\/seeing-illegal-immigrants\/files\/2016\/07\/Mike-headshot.png 412w\" sizes=\"(max-width: 251px) 100vw, 251px\" \/>Mike was a Masters student and Fulbright Scholar at the University of Edinburgh before continuing on to a PhD in political science. His thesis, which he completed\u00a0in 2016, was entitled &#8220;Choosing Security: Political Rationalities in the Securitization of Migration in Arizona&#8221;, and won the Outstanding Doctoral Thesis Award from UoE&#8217;s School of Social and Political Science.<\/p>\n<p>Much of Mike&#8217;s research has focused\u00a0on the treatment of immigration as a security issue. For this project, he was in charge of the British case study.<\/p>\n<p>Mike comes from a professional background in immigration politics in the United States, and worked in the Obama Administration. See <a href=\"http:\/\/www.mikeslaven.com\/\" target=\"_blank\" rel=\"noopener noreferrer\">Mike&#8217;s webpage<\/a> for further details, or you can <a href=\"https:\/\/twitter.com\/mcslaven\" target=\"_blank\" rel=\"noopener noreferrer\">follow him on Twitter<\/a>.<\/p>\n<p>Mike is now a <a href=\"https:\/\/staff.lincoln.ac.uk\/2e23ab24-2cd6-48e4-81cc-9c5027b7fa28\">Lecturer in International Politics<\/a> at the University of Lincoln, UK.<\/p>\n","protected":false},"excerpt":{"rendered":"<p>The team was made up of five researchers, all of whom were based at the University of Edinburgh for the duration for the project. Principal Investigator: Christina Boswell Christina is Professor of Politics at the University of Edinburgh. She was educated at the University of Oxford (BA Hons in Politics, Philosophy and Economics) and the London School of Economics (PhD<\/p>\n","protected":false},"author":227,"featured_media":88,"parent":0,"menu_order":0,"comment_status":"closed","ping_status":"closed","template":"","meta":{"_acf_changed":false,"footnotes":""},"acf":[],"_links":{"self":[{"href":"https:\/\/blogs.sps.ed.ac.uk\/seeing-illegal-immigrants\/wp-json\/wp\/v2\/pages\/9"}],"collection":[{"href":"https:\/\/blogs.sps.ed.ac.uk\/seeing-illegal-immigrants\/wp-json\/wp\/v2\/pages"}],"about":[{"href":"https:\/\/blogs.sps.ed.ac.uk\/seeing-illegal-immigrants\/wp-json\/wp\/v2\/types\/page"}],"author":[{"embeddable":true,"href":"https:\/\/blogs.sps.ed.ac.uk\/seeing-illegal-immigrants\/wp-json\/wp\/v2\/users\/227"}],"replies":[{"embeddable":true,"href":"https:\/\/blogs.sps.ed.ac.uk\/seeing-illegal-immigrants\/wp-json\/wp\/v2\/comments?post=9"}],"version-history":[{"count":20,"href":"https:\/\/blogs.sps.ed.ac.uk\/seeing-illegal-immigrants\/wp-json\/wp\/v2\/pages\/9\/revisions"}],"predecessor-version":[{"id":343,"href":"https:\/\/blogs.sps.ed.ac.uk\/seeing-illegal-immigrants\/wp-json\/wp\/v2\/pages\/9\/revisions\/343"}],"wp:featuredmedia":[{"embeddable":true,"href":"https:\/\/blogs.sps.ed.ac.uk\/seeing-illegal-immigrants\/wp-json\/wp\/v2\/media\/88"}],"wp:attachment":[{"href":"https:\/\/blogs.sps.ed.ac.uk\/seeing-illegal-immigrants\/wp-json\/wp\/v2\/media?parent=9"}],"curies":[{"name":"wp","href":"https:\/\/api.w.org\/{rel}","templated":true}]}}